{"id":46,"date":"2009-02-01T11:55:44","date_gmt":"2009-02-01T11:55:44","guid":{"rendered":"http:\/\/mads-rutenbau.de\/wordpress\/?page_id=46"},"modified":"2016-10-27T09:42:15","modified_gmt":"2016-10-27T09:42:15","slug":"home","status":"publish","type":"page","link":"http:\/\/mads-rutenbau.de\/","title":{"rendered":"Mad&#8217;s Rutenbau &#8211; Start"},"content":{"rendered":"<p style=\"text-align: center;\"><span style=\"font-size: 14px;\"><span style=\"font-family: Arial;\"><input height=\"100\" src=\"http:\/\/www.mads-rutenbau.de\/images\/stories\/harrison.gif\" type=\"image\" width=\"415\" \/><a name=\"top\"><\/a><\/span><\/span><\/p>\n<p style=\"text-align: center;\"><span style=\"font-size: 18px;\"><span style=\"font-family: Arial;\"><u><strong>Willkommen auf Mad&#8217;s Spin-Rutenbau<\/strong><\/u><\/span><\/span><u> <\/u><u><\/u><\/p>\n<p style=\"text-align: center;\"><span style=\"font-size: 14px;\"><span style=\"font-family: Arial;\">Mein Name ist Robert Marxreiter und ich komme aus dem wundersch\u00f6nen Saal an der Donau. Schon lange besch\u00e4ftige ich mich mit dem Bau von exklusiven Harrison Advanced Rods. Dabei kann ich mittlerweile auf eine langj\u00e4hrige Erfahrung zur\u00fcckblicken. Mein gr\u00f6\u00dftes Anliegen ist es, dass ich Interessenten das bestm\u00f6gliche Produkt abliefere.<\/span><\/span><\/p>\n<p style=\"text-align: center;\"><strong><span style=\"font-size: 14px;\"><span style=\"font-size: 12px;\"><span style=\"font-size: 14px;\"><span style=\"font-family: Arial;\">Ich w\u00fcrde mich sehr freuen, wenn ich auch Ihnen eine Rute nach Ihren W\u00fcnschen bauen k\u00f6nnte!<\/span><\/span><\/span><\/span><\/strong><\/p>\n<p style=\"text-align: center;\"><span style=\"font-size: 14px;\"><span style=\"font-family: Arial;\">Ich freue mich \u00fcber Ihren Besuch und hoffe, dass ich Ihr Interesse mit meinen Produkten erwecken kann. Sie sind auf der Suche nach einer exklusiven Spin-Rute, die perfekt auf Ihre Bed\u00fcrfnisse und W\u00fcnsche ausgerichtet ist? Dann sind Sie bei mir genau richtig! Auf meiner Seite finden Sie ein Angebot von hochwertigen <strong>Harrison-, CTS-, Tusk-, Twitch- und Jerkbait-Blanks sowie Zubeh\u00f6r. <\/strong><\/span><\/span><span style=\"font-size: 14px;\"><span style=\"font-family: Arial;\"><br \/>\n<\/span><\/span><\/p>\n<div class=\"callout\">\n<p style=\"text-align: center;\"><span style=\"font-size: 14px;\"><span style=\"font-family: Arial;\"><img loading=\"lazy\" decoding=\"async\" class=\" size-full wp-image-163\" src=\"https:\/\/mads-rutenbau.de\/wordpress\/images\/stories\/index1.jpg\" alt=\"Limes\" width=\"132\" height=\"101\" longdesc=\"undefined\" \/><\/span><\/span><\/p>\n<p style=\"text-align: center;\"><span style=\"font-size: 14px;\"><span style=\"font-family: Arial;\">Diesen Waller (145cm) konnte ich im Juni 2006 aus der Donau landen.<\/span><\/span><\/p>\n<p style=\"text-align: center;\"><span style=\"font-size: 14px;\"><span style=\"font-family: Arial;\">Als Fangger\u00e4t benutzte ich eine Harrison VHF Spin und die Drillzeit betrug ca. 10 Minuten.<\/span><\/span><\/p>\n<p style=\"text-align: center;\"><strong><span style=\"font-size: 14px;\"><span style=\"font-family: Arial;\">Habe ich Ihr Interesse an solch einer Rute geweckt? Nehmen Sie einfach <\/span><\/span><\/strong><span style=\"font-size: 14px;\"><span style=\"font-family: Courier New;\"><span style=\"font-size: 12px;\"><strong><u><a href=\"http:\/\/www.mads-rutenbau.de\/index.php\/kontakt.html\"><span style=\"font-size: 14px;\"><span style=\"font-family: Arial;\">Kontakt<\/span><\/span><\/a><\/u><span style=\"font-size: 14px;\"><span style=\"font-family: Arial;\"> mit mir auf!<\/span><\/span><\/strong><\/span><\/span><\/span><\/p>\n<\/div>\n<p style=\"text-align: left;\"><span style=\"font-size: 14px;\"><span style=\"font-family: Arial;\">Eine Harrison-Rute ist eine der besten Spin-Ruten f\u00fcr Zander, Hecht und Waller. Gerne baue ich auch f\u00fcr Sie eine Rute nach Ihren W\u00fcnschen! Nehmen Sie einfach <\/span><\/span><span style=\"font-size: 14px;\"><span style=\"font-size: 14px;\"><span style=\"font-family: Arial;\"><a href=\"http:\/\/www.mads-rutenbau.de\/index.php\/kontakt.html\"><span style=\"font-family: Arial;\">Kontakt<\/span><\/a> mit mir auf.<\/span><\/span><\/span><\/p>\n<p style=\"text-align: center;\"><span style=\"color: #0000ff;\"><span style=\"font-size: 16px;\"><strong><span style=\"font-family: Arial;\">NEU und exklusiv nur bei MAD\u2019s-Rutenbau!<\/span><\/strong><\/span><\/span><\/p>\n<p style=\"text-align: center;\"><span style=\"color: #0000ff;\"><span style=\"font-size: 16px;\"><strong><span style=\"font-family: Arial;\">\u201cLimitierte Harrison VHF Serie in Cobalt Blau\u201d<\/span><\/strong><\/span><\/span><\/p>\n<p style=\"text-align: center;\"><span style=\"color: #0000ff;\"><span style=\"font-size: 16px;\"><strong><span style=\"font-family: Arial;\">Ich kann mit Stolz behaupten, dass ich der Einzige bin, der die Harrison Blanks in Cobalt Blau anbietet!<\/span><\/strong><\/span><\/span><\/p>\n<p style=\"text-align: center;\"><span style=\"color: #0000ff;\"><span style=\"font-size: 16px;\"><strong><span style=\"font-family: Arial;\"><span style=\"color: #800000;\">Habe die Harrison VT in 8&#8242; 2,40m von 45gr bis 150gr wieder im Programm!!!<\/span><\/span><\/strong><\/span><\/span><\/p>\n<p style=\"text-align: center;\"><span style=\"font-size: 20px;\"><span style=\"color: #0000ff;\"><strong><span style=\"font-family: Arial;\"><span style=\"color: #800000;\"><span style=\"color: #0000ff;\"><span style=\"color: #333399;\"><span style=\"color: #000080;\"><span style=\"color: #0000ff;\">In k\u00fcrze neue Harrison MAD Blanks!<\/span><\/span><\/span><\/span><\/span><\/span><\/strong><\/span><\/span><\/p>\n<p style=\"text-align: center;\"><span style=\"font-size: 16px;\"><span style=\"color: #0000ff;\"><strong>Sonderanfertigung nach meinen W\u00fcnschen und Angaben die Harrison extra f\u00fcr mich fertigt!<\/strong><\/span><\/span><\/p>\n<p>&nbsp;<\/p>\n<p><span style=\"font-size: 14px;\"><span style=\"font-family: Arial;\"><u><strong>Lieferzeit ab Bestellung ca. 4-6 Wochen<\/strong><\/u><\/span><\/span><\/p>\n<p>&nbsp;<\/p>\n<p><span style=\"font-size: 14px;\"><span style=\"font-family: Arial;\">Bei Interesse \/ Fragen stehe ich Ihnen gerne <\/span><\/span><span style=\"font-size: 14px;\"><span style=\"font-family: Arial;\"><strong><a href=\"http:\/\/www.mads-rutenbau.de\/index.php\/kontakt.html\"><span style=\"font-size: 14px;\"><span style=\"font-family: Arial;\">HIER<\/span><\/span><\/a><\/strong><\/span><span style=\"font-size: 14px;\"><span style=\"font-family: Arial;\"> zur Verf\u00fcgung.<\/span><\/span><\/span><\/p>\n<h2 style=\"text-align: center;\"><span style=\"font-size: 14px;\"><span style=\"font-family: Arial;\">Eine Rute f\u00fcr&#8217;s Leben&#8230; <\/span><\/span><a href=\"http:\/\/www.mads-rutenbau.de\/index.php\/home.html#top\"><span style=\"font-size: 14px;\"><span style=\"font-family: Arial;\"><input alt=\"Zur\u00fcck nach oben\" height=\"20\" src=\"http:\/\/www.mads-rutenbau.de\/images\/stories\/pfeil.jpg\" type=\"image\" width=\"20\" \/><\/span><\/span><\/a><\/h2>\n<p style=\"text-align: center;\"><span style=\"font-size: 14px;\"><span style=\"font-family: Arial;\">Eine Anschaffung einer Harrison Spin-Rute werden Sie nicht bereuen. Bei sachgem\u00e4\u00dfem Umgang wird Sie Ihnen stets ein treuer Begleiter &#8211; auf der Jagd nach DEM Fisch Ihres Lebens &#8211; sein! Diese Ruten liegen einzigartig in der Hand und man merkt sehr schnell, aus was f\u00fcr einem kraftvollem Blank sie besteht. Jede Menge R\u00fcckgrat, einzigartiges Verhalten im Drill, jede Menge Reserven und edle Optik &#8211; Das ist die Eigenschaft einer Harrison Rute.<\/span><\/span><\/p>\n<p style=\"text-align: center;\"><span style=\"font-size: 14px;\"><strong><span style=\"font-family: Arial;\">Sie werden begeistert sein und diese Rute nicht mehr missen wollen!<\/span><\/strong><\/span><\/p>\n","protected":false},"excerpt":{"rendered":"<p>Willkommen auf Mad&#8217;s Spin-Rutenbau Mein Name ist Robert Marxreiter und ich komme aus dem wundersch\u00f6nen Saal an der Donau. Schon lange besch\u00e4ftige ich mich mit dem Bau von exklusiven Harrison Advanced Rods. Dabei kann ich mittlerweile auf eine langj\u00e4hrige Erfahrung &hellip; <a href=\"http:\/\/mads-rutenbau.de\/\">Weiterlesen <span class=\"meta-nav\">&rarr;<\/span><\/a><\/p>\n","protected":false},"author":6,"featured_media":162,"parent":0,"menu_order":16,"comment_status":"closed","ping_status":"closed","template":"","meta":{"footnotes":""},"class_list":["post-46","page","type-page","status-publish","has-post-thumbnail","hentry"],"_links":{"self":[{"href":"http:\/\/mads-rutenbau.de\/index.php?rest_route=\/wp\/v2\/pages\/46","targetHints":{"allow":["GET"]}}],"collection":[{"href":"http:\/\/mads-rutenbau.de\/index.php?rest_route=\/wp\/v2\/pages"}],"about":[{"href":"http:\/\/mads-rutenbau.de\/index.php?rest_route=\/wp\/v2\/types\/page"}],"author":[{"embeddable":true,"href":"http:\/\/mads-rutenbau.de\/index.php?rest_route=\/wp\/v2\/users\/6"}],"replies":[{"embeddable":true,"href":"http:\/\/mads-rutenbau.de\/index.php?rest_route=%2Fwp%2Fv2%2Fcomments&post=46"}],"version-history":[{"count":3,"href":"http:\/\/mads-rutenbau.de\/index.php?rest_route=\/wp\/v2\/pages\/46\/revisions"}],"predecessor-version":[{"id":233,"href":"http:\/\/mads-rutenbau.de\/index.php?rest_route=\/wp\/v2\/pages\/46\/revisions\/233"}],"wp:featuredmedia":[{"embeddable":true,"href":"http:\/\/mads-rutenbau.de\/index.php?rest_route=\/wp\/v2\/media\/162"}],"wp:attachment":[{"href":"http:\/\/mads-rutenbau.de\/index.php?rest_route=%2Fwp%2Fv2%2Fmedia&parent=46"}],"curies":[{"name":"wp","href":"https:\/\/api.w.org\/{rel}","templated":true}]}}