{"id":49,"date":"2009-02-01T11:58:04","date_gmt":"2009-02-01T11:58:04","guid":{"rendered":"http:\/\/mads-rutenbau.de\/wordpress\/?page_id=49"},"modified":"2016-10-27T09:45:09","modified_gmt":"2016-10-27T09:45:09","slug":"ruten-ringe","status":"publish","type":"page","link":"http:\/\/mads-rutenbau.de\/?page_id=49","title":{"rendered":"Mad&#8217;s Rutenbau &#8211; Ruten-Ringe"},"content":{"rendered":"<div id=\"maincontent\">\n<p style=\"text-align: center;\"><span style=\"font-size: 14px;\"><span style=\"font-family: Arial;\">\u00a0\u00a0<\/span><\/span><a name=\"top\"><\/a><\/p>\n<p style=\"text-align: left;\"><a href=\"https:\/\/mads-rutenbau.de\/wordpress\/?page_id=50\"><img loading=\"lazy\" decoding=\"async\" class=\"alignnone wp-image-165 size-full\" src=\"https:\/\/mads-rutenbau.de\/wordpress\/images\/stories\/zub--logo(1).jpg\" width=\"115\" height=\"38\" \/><\/a><\/p>\n<h1>Fuji-Sic Ringe<\/h1>\n<ul>\n<li><a href=\"http:\/\/www.mads-rutenbau.de\/index.php?option=com_content&amp;view=article&amp;id=49&amp;Itemid=69#lvsg\"><span style=\"color: #000033;\">LVSG Ringe<\/span><\/a><\/li>\n<li><a href=\"http:\/\/www.mads-rutenbau.de\/index.php?option=com_content&amp;view=article&amp;id=49&amp;Itemid=69#svsg\"><span style=\"color: #000033;\">SVSG Ringe<\/span><\/a><\/li>\n<li><a href=\"http:\/\/www.mads-rutenbau.de\/index.php?option=com_content&amp;view=article&amp;id=49&amp;Itemid=69#gold\"><span style=\"color: #000033;\">Gold Cermet Ringe<\/span><\/a><\/li>\n<li><a href=\"http:\/\/www.mads-rutenbau.de\/index.php?option=com_content&amp;view=article&amp;id=49&amp;Itemid=69#andere\"><span style=\"color: #000033;\">andere SIC-Ringe<\/span><\/a><\/li>\n<\/ul>\n<h4 style=\"text-align: center;\"><a name=\"lvsg\"><\/a><\/h4>\n<h4 style=\"text-align: center;\">LVSG in Gr\u00f6\u00dfe 7mm &#8211; 30mm<\/h4>\n<p style=\"text-align: center;\"><span style=\"font-size: 16px;\"><strong>auch in Chrom<\/strong><\/span><\/p>\n<p style=\"text-align: center;\"><input height=\"129\" src=\"https:\/\/mads-rutenbau.de\/wordpress\/wp-content\/uploads\/2009\/02\/ringe1.jpg\" type=\"image\" width=\"300\" \/><\/p>\n<hr \/>\n<p><a href=\"http:\/\/www.mads-rutenbau.de\/index.php?option=com_content&amp;view=article&amp;id=49&amp;Itemid=69#top\"><input alt=\"Zur\u00fcck nach oben\" height=\"20\" src=\"http:\/\/www.mads-rutenbau.de\/images\/stories\/pfeil.jpg\" type=\"image\" width=\"20\" \/><\/a><\/p>\n<h4 style=\"text-align: center;\">SVSG in Gr\u00f6\u00dfe 8mm &#8211; 40mm<a name=\"svsg\"><\/a><\/h4>\n<p style=\"text-align: center;\"><span style=\"font-size: 16px;\"><strong>auch in Chrom<\/strong><\/span><\/p>\n<p style=\"text-align: center;\"><input height=\"129\" src=\"https:\/\/mads-rutenbau.de\/wordpress\/wp-content\/uploads\/2009\/02\/ringe2.jpg\" type=\"image\" width=\"300\" \/><\/p>\n<p style=\"text-align: center;\"><input height=\"150\" src=\"http:\/\/www.mads-rutenbau.de\/images\/stories\/ringe3.jpg\" type=\"image\" width=\"200\" \/><\/p>\n<hr \/>\n<p><a href=\"http:\/\/www.mads-rutenbau.de\/index.php?option=com_content&amp;view=article&amp;id=49&amp;Itemid=69#top\"><input alt=\"Zur\u00fcck nach oben\" height=\"20\" src=\"http:\/\/www.mads-rutenbau.de\/images\/stories\/pfeil.jpg\" type=\"image\" width=\"20\" \/><\/a><\/p>\n<h4 style=\"text-align: center;\">Cermet (Gold) LVGG in Gr\u00f6\u00dfe 7mm &#8211; 30mm<a name=\"gold\"><\/a><br \/>\nCermet (Gold) SVGG in Gr\u00f6\u00dfe 8mm &#8211; 30mm<\/h4>\n<p style=\"text-align: center;\"><input height=\"129\" src=\"https:\/\/mads-rutenbau.de\/wordpress\/wp-content\/uploads\/2009\/02\/ringe4.jpg\" type=\"image\" width=\"300\" \/><\/p>\n<p style=\"text-align: center;\"><input height=\"150\" src=\"http:\/\/www.mads-rutenbau.de\/images\/stories\/ringe5.jpg\" type=\"image\" width=\"200\" \/><\/p>\n<hr \/>\n<p><a href=\"http:\/\/www.mads-rutenbau.de\/index.php?option=com_content&amp;view=article&amp;id=49&amp;Itemid=69#top\"><input alt=\"Zur\u00fcck nach oben\" height=\"20\" src=\"http:\/\/www.mads-rutenbau.de\/images\/stories\/pfeil.jpg\" type=\"image\" width=\"20\" \/><\/a><\/p>\n<h4 style=\"text-align: center;\">Ich biete auch andere hochwertige Sic-Ringe auf <a href=\"http:\/\/www.mads-rutenbau.de\/kontakt.html\"><strong><span style=\"color: #000033;\">Anfrage<\/span><\/strong><\/a> an!<a name=\"andere\"><\/a><\/h4>\n<p style=\"text-align: center;\"><input height=\"300\" src=\"http:\/\/www.mads-rutenbau.de\/images\/stories\/ringe6.jpg\" type=\"image\" width=\"214\" \/><\/p>\n<\/div>\n","protected":false},"excerpt":{"rendered":"<p>\u00a0\u00a0 Fuji-Sic Ringe LVSG Ringe SVSG Ringe Gold Cermet Ringe andere SIC-Ringe LVSG in Gr\u00f6\u00dfe 7mm &#8211; 30mm auch in Chrom SVSG in Gr\u00f6\u00dfe 8mm &#8211; 40mm auch in Chrom Cermet (Gold) LVGG in Gr\u00f6\u00dfe 7mm &#8211; 30mm Cermet (Gold) &hellip; <a href=\"http:\/\/mads-rutenbau.de\/?page_id=49\">Weiterlesen <span class=\"meta-nav\">&rarr;<\/span><\/a><\/p>\n","protected":false},"author":6,"featured_media":164,"parent":47,"menu_order":13,"comment_status":"closed","ping_status":"closed","template":"","meta":{"footnotes":""},"class_list":["post-49","page","type-page","status-publish","has-post-thumbnail","hentry"],"_links":{"self":[{"href":"http:\/\/mads-rutenbau.de\/index.php?rest_route=\/wp\/v2\/pages\/49","targetHints":{"allow":["GET"]}}],"collection":[{"href":"http:\/\/mads-rutenbau.de\/index.php?rest_route=\/wp\/v2\/pages"}],"about":[{"href":"http:\/\/mads-rutenbau.de\/index.php?rest_route=\/wp\/v2\/types\/page"}],"author":[{"embeddable":true,"href":"http:\/\/mads-rutenbau.de\/index.php?rest_route=\/wp\/v2\/users\/6"}],"replies":[{"embeddable":true,"href":"http:\/\/mads-rutenbau.de\/index.php?rest_route=%2Fwp%2Fv2%2Fcomments&post=49"}],"version-history":[{"count":3,"href":"http:\/\/mads-rutenbau.de\/index.php?rest_route=\/wp\/v2\/pages\/49\/revisions"}],"predecessor-version":[{"id":236,"href":"http:\/\/mads-rutenbau.de\/index.php?rest_route=\/wp\/v2\/pages\/49\/revisions\/236"}],"up":[{"embeddable":true,"href":"http:\/\/mads-rutenbau.de\/index.php?rest_route=\/wp\/v2\/pages\/47"}],"wp:featuredmedia":[{"embeddable":true,"href":"http:\/\/mads-rutenbau.de\/index.php?rest_route=\/wp\/v2\/media\/164"}],"wp:attachment":[{"href":"http:\/\/mads-rutenbau.de\/index.php?rest_route=%2Fwp%2Fv2%2Fmedia&parent=49"}],"curies":[{"name":"wp","href":"https:\/\/api.w.org\/{rel}","templated":true}]}}