{"id":50,"date":"2009-02-01T11:58:34","date_gmt":"2009-02-01T11:58:34","guid":{"rendered":"http:\/\/mads-rutenbau.de\/wordpress\/?page_id=50"},"modified":"2016-10-27T09:46:16","modified_gmt":"2016-10-27T09:46:16","slug":"zubehoer","status":"publish","type":"page","link":"http:\/\/mads-rutenbau.de\/?page_id=50","title":{"rendered":"Mad&#8217;s Rutenbau &#8211; Zubeh\u00f6r"},"content":{"rendered":"<p style=\"text-align: center;\"><span style=\"font-size: 14px;\"><span style=\"font-family: Arial;\">\u00a0\u00a0<\/span><\/span><a name=\"top\"><\/a><\/p>\n<p style=\"text-align: left;\"><a href=\"https:\/\/mads-rutenbau.de\/wordpress\/?page_id=50\"><img loading=\"lazy\" decoding=\"async\" class=\"alignnone wp-image-165 size-full\" src=\"https:\/\/mads-rutenbau.de\/wordpress\/images\/stories\/zub--logo(1).jpg\" width=\"115\" height=\"38\" \/><\/a><\/p>\n<div id=\"maincontent\">\n<h1><span style=\"font-size: 14px;\"><span style=\"font-family: Arial;\">Zubeh\u00f6r<\/span><\/span><\/h1>\n<ul>\n<li><a href=\"http:\/\/www.mads-rutenbau.de\/index.php?option=com_content&amp;view=article&amp;id=50&amp;Itemid=70#halter\"><span style=\"font-size: 14px;\"><span style=\"font-family: Arial;\"><span style=\"color: #000033;\">Rollenhalter<\/span><\/span><\/span><\/a><\/li>\n<li><a href=\"http:\/\/www.mads-rutenbau.de\/index.php?option=com_content&amp;view=article&amp;id=50&amp;Itemid=70#kappen\"><span style=\"font-size: 14px;\"><span style=\"font-family: Arial;\"><span style=\"color: #000033;\">Abschlusskappen<\/span><\/span><\/span><\/a><\/li>\n<li><a href=\"http:\/\/www.mads-rutenbau.de\/index.php?option=com_content&amp;view=article&amp;id=50&amp;Itemid=70#kork\"><span style=\"font-size: 14px;\"><span style=\"font-family: Arial;\"><span style=\"color: #000033;\">Formkork<\/span><\/span><\/span><\/a><\/li>\n<li><a href=\"http:\/\/www.mads-rutenbau.de\/index.php?option=com_content&amp;view=article&amp;id=50&amp;Itemid=70#garn\"><span style=\"font-size: 14px;\"><span style=\"font-family: Arial;\"><span style=\"color: #000033;\">Bindegarn<\/span><\/span><\/span><\/a><\/li>\n<\/ul>\n<h4 style=\"text-align: center;\"><strong><span style=\"font-size: 14px;\"><span style=\"font-family: Arial;\">Fuji DPS Rollenhalter<a name=\"halter\"><\/a><\/span><\/span><\/strong><\/h4>\n<p style=\"text-align: center;\"><span style=\"font-size: 14px;\"><span style=\"font-family: Arial;\">Erh\u00e4ltlich in schwarz, silber und <span style=\"font-size: 14px;\">gunsmoke <\/span>| Gr\u00f6\u00dfe 17, 18, 20<\/span><\/span><\/p>\n<p style=\"text-align: center;\"><span style=\"font-size: 14px;\"><span style=\"font-family: Arial;\">\u00a0<\/span><\/span><\/p>\n<p style=\"text-align: center;\"><span style=\"font-size: 14px;\"><span style=\"font-family: Arial;\"><input height=\"225\" src=\"https:\/\/mads-rutenbau.de\/wordpress\/images\/stories\/zubehoer1.jpg\" type=\"image\" width=\"350\" \/><\/span><\/span><\/p>\n<p style=\"text-align: center;\"><span style=\"font-size: 14px;\"><span style=\"font-family: Arial;\">\u00a0<\/span><\/span><\/p>\n<p style=\"text-align: center;\"><span style=\"font-size: 14px;\"><span style=\"font-family: Arial;\"><input height=\"225\" src=\"http:\/\/www.mads-rutenbau.de\/images\/stories\/zubehoer2.jpg\" type=\"image\" width=\"350\" \/><\/span><\/span><\/p>\n<p style=\"text-align: center;\"><span style=\"font-size: 14px;\"><span style=\"font-family: Arial;\">\u00a0<\/span><\/span><\/p>\n<p style=\"text-align: center;\"><span style=\"font-size: 14px;\"><span style=\"font-family: Arial;\"><input height=\"225\" src=\"http:\/\/www.mads-rutenbau.de\/images\/stories\/zubehoer3.jpg\" type=\"image\" width=\"350\" \/><\/span><\/span><\/p>\n<p style=\"text-align: center;\"><span style=\"font-size: 14px;\"><span style=\"font-family: Arial;\">\u00a0<\/span><\/span><\/p>\n<p style=\"text-align: center;\"><span style=\"font-size: 14px;\"><span style=\"font-family: Arial;\"><input height=\"225\" src=\"http:\/\/www.mads-rutenbau.de\/images\/stories\/zubehoer4.jpg\" type=\"image\" width=\"350\" \/><\/span><\/span><\/p>\n<p style=\"text-align: center;\"><span style=\"font-size: 14px;\"><span style=\"font-family: Arial;\">\u00a0<\/span><\/span><\/p>\n<hr \/>\n<p><a href=\"http:\/\/www.mads-rutenbau.de\/index.php?option=com_content&amp;view=article&amp;id=50&amp;Itemid=70#top\"><span style=\"font-size: 14px;\"><span style=\"font-family: Arial;\"><input alt=\"Zur\u00fcck nach oben\" height=\"20\" src=\"http:\/\/www.mads-rutenbau.de\/images\/stories\/pfeil.jpg\" type=\"image\" width=\"20\" \/><\/span><\/span><\/a><\/p>\n<h4 style=\"text-align: center;\"><strong><span style=\"font-size: 14px;\"><span style=\"font-family: Arial;\">Abschlusskappen in verschiedenen Ausf\u00fchrungen<a name=\"kappen\"><\/a><\/span><\/span><\/strong><\/h4>\n<p style=\"text-align: center;\"><span style=\"font-size: 14px;\"><span style=\"font-family: Arial;\"><input height=\"225\" src=\"https:\/\/mads-rutenbau.de\/wordpress\/images\/stories\/zubehoer5.jpg\" type=\"image\" width=\"350\" \/><\/span><\/span><\/p>\n<hr \/>\n<p><a href=\"http:\/\/www.mads-rutenbau.de\/index.php?option=com_content&amp;view=article&amp;id=50&amp;Itemid=70#top\"><span style=\"font-size: 14px;\"><span style=\"font-family: Arial;\"><input alt=\"Zur\u00fcck nach oben\" height=\"20\" src=\"http:\/\/www.mads-rutenbau.de\/images\/stories\/pfeil.jpg\" type=\"image\" width=\"20\" \/><\/span><\/span><\/a><\/p>\n<h4 style=\"text-align: center;\"><strong><span style=\"font-size: 14px;\"><span style=\"font-family: Arial;\">Formkork f\u00fcr Spinruten (Super Qualit\u00e4t) &#8211; Lange nach Wunsch!<a name=\"kork\"><\/a><\/span><\/span><\/strong><\/h4>\n<p style=\"text-align: center;\"><span style=\"font-size: 14px;\"><span style=\"font-family: Arial;\"><input height=\"225\" src=\"https:\/\/mads-rutenbau.de\/wordpress\/images\/stories\/zubehoer6.jpg\" type=\"image\" width=\"350\" \/><\/span><\/span><\/p>\n<p style=\"text-align: center;\"><span style=\"font-size: 14px;\"><span style=\"font-family: Arial;\"><input height=\"225\" src=\"http:\/\/www.mads-rutenbau.de\/images\/stories\/zubehoer7.jpg\" type=\"image\" width=\"350\" \/><\/span><\/span><\/p>\n<hr \/>\n<p><a href=\"http:\/\/www.mads-rutenbau.de\/index.php?option=com_content&amp;view=article&amp;id=50&amp;Itemid=70#top\"><span style=\"font-size: 14px;\"><span style=\"font-family: Arial;\"><input alt=\"Zur\u00fcck nach oben\" height=\"20\" src=\"http:\/\/www.mads-rutenbau.de\/images\/stories\/pfeil.jpg\" type=\"image\" width=\"20\" \/><\/span><\/span><\/a><\/p>\n<h4 style=\"text-align: center;\"><strong><span style=\"font-size: 14px;\"><span style=\"font-family: Arial;\">Verschiedene Bindegarne<a name=\"garn\"><\/a><\/span><\/span><\/strong><\/h4>\n<p style=\"text-align: center;\"><span style=\"font-size: 14px;\"><span style=\"font-family: Arial;\"><input height=\"225\" src=\"http:\/\/www.mads-rutenbau.de\/images\/stories\/zubehoer8.jpg\" type=\"image\" width=\"350\" \/><\/span><\/span><\/p>\n<\/div>\n<p><span style=\"font-size: 14px;\"><span style=\"font-family: Arial;\">\u00a0<\/span><\/span><\/p>\n","protected":false},"excerpt":{"rendered":"<p>\u00a0\u00a0 Zubeh\u00f6r Rollenhalter Abschlusskappen Formkork Bindegarn Fuji DPS Rollenhalter Erh\u00e4ltlich in schwarz, silber und gunsmoke | Gr\u00f6\u00dfe 17, 18, 20 \u00a0 \u00a0 \u00a0 \u00a0 \u00a0 Abschlusskappen in verschiedenen Ausf\u00fchrungen Formkork f\u00fcr Spinruten (Super Qualit\u00e4t) &#8211; Lange nach Wunsch! Verschiedene Bindegarne &hellip; <a href=\"http:\/\/mads-rutenbau.de\/?page_id=50\">Weiterlesen <span class=\"meta-nav\">&rarr;<\/span><\/a><\/p>\n","protected":false},"author":6,"featured_media":164,"parent":47,"menu_order":12,"comment_status":"closed","ping_status":"closed","template":"","meta":{"footnotes":""},"class_list":["post-50","page","type-page","status-publish","has-post-thumbnail","hentry"],"_links":{"self":[{"href":"http:\/\/mads-rutenbau.de\/index.php?rest_route=\/wp\/v2\/pages\/50","targetHints":{"allow":["GET"]}}],"collection":[{"href":"http:\/\/mads-rutenbau.de\/index.php?rest_route=\/wp\/v2\/pages"}],"about":[{"href":"http:\/\/mads-rutenbau.de\/index.php?rest_route=\/wp\/v2\/types\/page"}],"author":[{"embeddable":true,"href":"http:\/\/mads-rutenbau.de\/index.php?rest_route=\/wp\/v2\/users\/6"}],"replies":[{"embeddable":true,"href":"http:\/\/mads-rutenbau.de\/index.php?rest_route=%2Fwp%2Fv2%2Fcomments&post=50"}],"version-history":[{"count":3,"href":"http:\/\/mads-rutenbau.de\/index.php?rest_route=\/wp\/v2\/pages\/50\/revisions"}],"predecessor-version":[{"id":237,"href":"http:\/\/mads-rutenbau.de\/index.php?rest_route=\/wp\/v2\/pages\/50\/revisions\/237"}],"up":[{"embeddable":true,"href":"http:\/\/mads-rutenbau.de\/index.php?rest_route=\/wp\/v2\/pages\/47"}],"wp:featuredmedia":[{"embeddable":true,"href":"http:\/\/mads-rutenbau.de\/index.php?rest_route=\/wp\/v2\/media\/164"}],"wp:attachment":[{"href":"http:\/\/mads-rutenbau.de\/index.php?rest_route=%2Fwp%2Fv2%2Fmedia&parent=50"}],"curies":[{"name":"wp","href":"https:\/\/api.w.org\/{rel}","templated":true}]}}