{"id":53,"date":"2009-02-01T12:01:11","date_gmt":"2009-02-01T12:01:11","guid":{"rendered":"http:\/\/mads-rutenbau.de\/wordpress\/?page_id=53"},"modified":"2016-10-27T09:52:12","modified_gmt":"2016-10-27T09:52:12","slug":"links","status":"publish","type":"page","link":"http:\/\/mads-rutenbau.de\/?page_id=53","title":{"rendered":"Mad&#8217;s Rutenbau &#8211; Links"},"content":{"rendered":"<h1><span style=\"font-size: 14px;\"><span style=\"font-family: Arial;\">Links<\/span><\/span><\/h1>\n<p><span style=\"font-size: 14px;\"><span style=\"font-family: Arial;\">Ich freue mich sehr dar\u00fcber, wenn Sie bei Ihnen einen Link zu meiner Seite platzieren m\u00f6chten! Benutzen Sie doch daf\u00fcr einfach einen der unten eingebundenen Banner. Alternativ dazu k\u00f6nnen Sie sich auch einfach den passenden Quelltext kopieren und in Ihre Seite einbinden.<\/span><\/span><\/p>\n<p style=\"text-align: center;\">Banner 1 (468 x 60 Pixel)<\/p>\n<p style=\"text-align: center;\"><img loading=\"lazy\" decoding=\"async\" class=\" size-full wp-image-183\" src=\"https:\/\/mads-rutenbau.de\/wordpress\/images\/banner1.jpg\" alt=\"\" width=\"160\" height=\"50\" longdesc=\"undefined\" \/><\/p>\n<p style=\"text-align: center;\">Quelltext:<\/p>\n<form action=\"\" method=\"post\" name=\"form1\">\u00a0<\/form>\n<div align=\"center\"><textarea cols=\"45\" name=\"textarea\" rows=\"10\">&lt;!&#8211; BEGIN Mads&#8216;-Rutenbau Banner &#8211;&gt; &lt;p align=&#8220;center&#8220;&gt;&lt;a HREF=&#8220;http:\/\/www.mads-rutenbau.de&#8220; target=&#8220;_blank&#8220;&gt; &lt;img SRC=&#8220;https:\/\/mads-rutenbau.de\/wordpress\/images\/banner1.jpg&#8220; BORDER=&#8220;0&#8243; width=&#8220;468&#8243; height=&#8220;60&#8243;&gt;&lt;\/a&gt;&lt;br&gt; &lt;font face=&#8220;Arial&#8220; size=&#8220;-1&#8243;&gt;&lt;a href=&#8220;http:\/\/www.mads-rutenbau.de&#8220; target=&#8220;_blank&#8220;&gt;&lt;\/a&gt;&lt;\/font&gt; &lt;!&#8211; END Mads&#8216;-Rutenbau Banner &#8211;&gt; <\/textarea><\/div>\n<p style=\"text-align: center;\"><!-- BEGIN Mads'-Rutenbau Banner -->Banner 2 (160 x 50 Pixel)<\/p>\n<p style=\"text-align: center;\"><img loading=\"lazy\" decoding=\"async\" class=\" size-full wp-image-183\" src=\"https:\/\/mads-rutenbau.de\/wordpress\/images\/banner2.jpg\" alt=\"\" width=\"160\" height=\"50\" longdesc=\"undefined\" \/><\/p>\n<p style=\"text-align: center;\">Quelltext:<\/p>\n<form action=\"\" method=\"post\" name=\"form2\">\u00a0<\/form>\n<div align=\"center\"><textarea cols=\"45\" name=\"textarea2\" rows=\"10\">&lt;!&#8211; BEGIN Mads&#8216;-Rutenbau Banner &#8211;&gt; &lt;p align=&#8220;center&#8220;&gt;&lt;a HREF=&#8220;http:\/\/www.mads-rutenbau.de&#8220; target=&#8220;_blank&#8220;&gt; &lt;img SRC=&#8220;http:\/\/www.mads-rutenbau.de\/images\/banner2.jpg&#8220; BORDER=&#8220;0&#8243; width=&#8220;160&#8243; height=&#8220;50&#8243;&gt;&lt;\/a&gt;&lt;br&gt; &lt;font face=&#8220;Arial&#8220; size=&#8220;-1&#8243;&gt;&lt;a href=&#8220;http:\/\/www.mads-rutenbau.de&#8220; target=&#8220;_blank&#8220;&gt;&lt;\/a&gt;&lt;\/font&gt; &lt;!&#8211; END Mads&#8216;-Rutenbau Banner &#8211;&gt; <\/textarea><\/div>\n<hr \/>\n<p><span style=\"font-size: 14px;\"><span style=\"font-family: Arial;\">Sie m\u00f6chten Ihre Seiten auf www.mads-rutenbau.de verlinkt haben? Kein Problem! Nehmen Sie einfach <\/span><\/span><span style=\"font-size: 14px;\"><a href=\"http:\/\/www.mads-rutenbau.de\/index.php\/kontakt.html\"><span style=\"font-family: Arial;\"><span style=\"color: #000033;\">Kontakt<\/span><\/span><\/a><span style=\"font-family: Arial;\"> mit mir auf. Ich ben\u00f6tige dazu einfach Ihren Banner oder den passenden Quelltext. Selbstverst\u00e4ndlich w\u00fcrde ich mich im Gegenzug nat\u00fcrlich auch \u00fcber einen Link auf Ihren Seiten freuen \ud83d\ude42<\/span><\/span><\/p>\n<hr \/>\n<p>&nbsp;<\/p>\n<p style=\"text-align: center;\"><span style=\"font-size: 14px;\"><span style=\"font-family: Arial;\">Links zu Partnerseiten \/ Seiten von Freunden und Kollegen<\/span><\/span><\/p>\n<p style=\"text-align: center;\"><!-- BEGIN ANGLERBOARD-BANNER - CODE --><\/p>\n<p style=\"text-align: center;\"><a href=\"http:\/\/www.anglerboard.de\/\" target=\"_blank\"><input height=\"60\" src=\"http:\/\/www.mads-rutenbau.de\/images\/stories\/links3.bmp\" type=\"image\" width=\"468\" \/><\/a><\/p>\n<p><a href=\"http:\/\/www.bissclips.de\/\" target=\"_blank\"><input height=\"60\" src=\"http:\/\/www.mads-rutenbau.de\/images\/stories\/links4.jpg\" type=\"image\" width=\"468\" \/><\/a><\/p>\n<p style=\"text-align: center;\"><a href=\"http:\/\/www.predator-fishing-tours.de\" target=\"_blank\"><input height=\"60\" src=\"http:\/\/www.mads-rutenbau.de\/images\/stories\/predatorbanner.gif\" type=\"image\" width=\"468\" \/><\/a><\/p>\n<p style=\"text-align: center;\"><a href=\"http:\/\/www.deutschland-angeln.de\/\" target=\"_blank\"><input height=\"60\" src=\"http:\/\/www.mads-rutenbau.de\/images\/stories\/links5.jpg\" type=\"image\" width=\"468\" \/><\/a><\/p>\n<p style=\"text-align: center;\"><a href=\"http:\/\/www.spinnfischer-online.de\/\" target=\"_blank\"><img loading=\"lazy\" decoding=\"async\" class=\" size-full wp-image-184\" src=\"https:\/\/mads-rutenbau.de\/wordpress\/images\/stories\/site_logo_gif.jpg\" alt=\"\" width=\"468\" height=\"77\" \/><\/a><\/p>\n<p style=\"text-align: center;\"><a href=\"http:\/\/www.zandertwistern.de\/\" target=\"_blank\"><input height=\"197\" src=\"http:\/\/www.mads-rutenbau.de\/images\/stories\/links6.jpg\" type=\"image\" width=\"272\" \/><\/a><\/p>\n<p style=\"text-align: center;\"><a href=\"http:\/\/www.jerkbait.com\/\" target=\"_blank\"><input height=\"100\" src=\"http:\/\/www.mads-rutenbau.de\/images\/stories\/links7.gif\" type=\"image\" width=\"235\" \/><\/a><\/p>\n","protected":false},"excerpt":{"rendered":"<p>Links Ich freue mich sehr dar\u00fcber, wenn Sie bei Ihnen einen Link zu meiner Seite platzieren m\u00f6chten! Benutzen Sie doch daf\u00fcr einfach einen der unten eingebundenen Banner. Alternativ dazu k\u00f6nnen Sie sich auch einfach den passenden Quelltext kopieren und in &hellip; <a href=\"http:\/\/mads-rutenbau.de\/?page_id=53\">Weiterlesen <span class=\"meta-nav\">&rarr;<\/span><\/a><\/p>\n","protected":false},"author":6,"featured_media":182,"parent":0,"menu_order":9,"comment_status":"closed","ping_status":"closed","template":"","meta":{"footnotes":""},"class_list":["post-53","page","type-page","status-publish","has-post-thumbnail","hentry"],"_links":{"self":[{"href":"http:\/\/mads-rutenbau.de\/index.php?rest_route=\/wp\/v2\/pages\/53","targetHints":{"allow":["GET"]}}],"collection":[{"href":"http:\/\/mads-rutenbau.de\/index.php?rest_route=\/wp\/v2\/pages"}],"about":[{"href":"http:\/\/mads-rutenbau.de\/index.php?rest_route=\/wp\/v2\/types\/page"}],"author":[{"embeddable":true,"href":"http:\/\/mads-rutenbau.de\/index.php?rest_route=\/wp\/v2\/users\/6"}],"replies":[{"embeddable":true,"href":"http:\/\/mads-rutenbau.de\/index.php?rest_route=%2Fwp%2Fv2%2Fcomments&post=53"}],"version-history":[{"count":3,"href":"http:\/\/mads-rutenbau.de\/index.php?rest_route=\/wp\/v2\/pages\/53\/revisions"}],"predecessor-version":[{"id":239,"href":"http:\/\/mads-rutenbau.de\/index.php?rest_route=\/wp\/v2\/pages\/53\/revisions\/239"}],"wp:featuredmedia":[{"embeddable":true,"href":"http:\/\/mads-rutenbau.de\/index.php?rest_route=\/wp\/v2\/media\/182"}],"wp:attachment":[{"href":"http:\/\/mads-rutenbau.de\/index.php?rest_route=%2Fwp%2Fv2%2Fmedia&parent=53"}],"curies":[{"name":"wp","href":"https:\/\/api.w.org\/{rel}","templated":true}]}}